{"id":88,"date":"2022-12-21T10:17:46","date_gmt":"2022-12-21T09:17:46","guid":{"rendered":"https:\/\/www.paulinejurquet.fr\/?page_id=88"},"modified":"2025-09-10T22:03:02","modified_gmt":"2025-09-10T20:03:02","slug":"passerelles","status":"publish","type":"page","link":"https:\/\/www.paulinejurquet.fr\/index.php\/passerelles\/","title":{"rendered":"Passerelles"},"content":{"rendered":"<p>[et_pb_section fb_built=\u00a0\u00bb1&Prime; _builder_version=\u00a0\u00bb4.19.4&Prime; _module_preset=\u00a0\u00bbdefault\u00a0\u00bb global_colors_info=\u00a0\u00bb{}\u00a0\u00bb][et_pb_row column_structure=\u00a0\u00bb2_3,1_3&Prime; _builder_version=\u00a0\u00bb4.27.4&Prime; _module_preset=\u00a0\u00bbdefault\u00a0\u00bb global_colors_info=\u00a0\u00bb{}\u00a0\u00bb][et_pb_column type=\u00a0\u00bb2_3&Prime; _builder_version=\u00a0\u00bb4.27.4&Prime; _module_preset=\u00a0\u00bbdefault\u00a0\u00bb global_colors_info=\u00a0\u00bb{}\u00a0\u00bb][et_pb_text _builder_version=\u00a0\u00bb4.27.4&Prime; _module_preset=\u00a0\u00bbdefault\u00a0\u00bb global_colors_info=\u00a0\u00bb{}\u00a0\u00bb]<\/p>\n<h2 style=\"text-align: center;\"><span style=\"color: #b56219;\"><\/span><\/h2>\n<h2 style=\"text-align: center;\"><span style=\"color: #b56219;\"><\/span><\/h2>\n<h2 style=\"text-align: center;\"><span style=\"color: #b56219;\">Les Passerelles<\/span><\/h2>\n<p>[\/et_pb_text][et_pb_text _builder_version=\u00a0\u00bb4.27.4&Prime; _module_preset=\u00a0\u00bbdefault\u00a0\u00bb header_text_align=\u00a0\u00bbjustify\u00a0\u00bb text_orientation=\u00a0\u00bbjustified\u00a0\u00bb custom_padding=\u00a0\u00bb||0px|||\u00a0\u00bb hover_enabled=\u00a0\u00bb0&Prime; global_colors_info=\u00a0\u00bb{}\u00a0\u00bb sticky_enabled=\u00a0\u00bb0&Prime;]<\/p>\n<p align=\"justify\" style=\"text-align: justify;\"><span style=\"color: #bc7332;\"><strong><span style=\"font-family: Arial, sans-serif;\"><span style=\"font-size: medium;\"><\/span><\/span><\/strong><\/span><span style=\"color: #87592c;\">Les <em>Passerelles<\/em> sont un ensemble d&rsquo;\u0153uvres r\u00e9alis\u00e9es en 2022. <\/span><span style=\"color: #87592c;\">Elles ont la caract\u00e9ristique d&rsquo;\u00eatre repr\u00e9sent\u00e9es par une face et un endos reposant sur un ou plusieurs appuis. La face, ou monde visible se manifeste sous la forme d&rsquo;un travail en relief, orn\u00e9, color\u00e9, presque rayonnant. L&rsquo;endos, d\u00e9sign\u00e9 comme l&rsquo;envers des choses, est ce monde dissimul\u00e9 que nous ne pouvons d\u00e9couvrir <em>qu&rsquo;en faisant le tour.<\/em>\u00a0De la face au dos apparaissent les pieds, sorte de talons qui sur\u00e9l\u00e8vent l&rsquo;ensemble.<\/span><\/p>\n<p>[\/et_pb_text][\/et_pb_column][et_pb_column type=\u00a0\u00bb1_3&Prime; _builder_version=\u00a0\u00bb4.27.4&Prime; _module_preset=\u00a0\u00bbdefault\u00a0\u00bb global_colors_info=\u00a0\u00bb{}\u00a0\u00bb][et_pb_image src=\u00a0\u00bbhttps:\/\/www.paulinejurquet.fr\/wp-content\/uploads\/PASSERELLE_Ceux-qui-revent_-Bicephle-2023-rotated.jpg\u00a0\u00bb title_text=\u00a0\u00bbPASSERELLE_Ceux qui r\u00eavent_ Bic\u00e9phle 2023&Prime; _builder_version=\u00a0\u00bb4.27.4&Prime; _module_preset=\u00a0\u00bbdefault\u00a0\u00bb global_colors_info=\u00a0\u00bb{}\u00a0\u00bb][\/et_pb_image][et_pb_text _builder_version=\u00a0\u00bb4.27.4&Prime; _module_preset=\u00a0\u00bbdefault\u00a0\u00bb text_orientation=\u00a0\u00bbcenter\u00a0\u00bb custom_margin_tablet=\u00a0\u00bb\u00a0\u00bb custom_margin_phone=\u00a0\u00bb\u00a0\u00bb custom_margin_last_edited=\u00a0\u00bbon|desktop\u00a0\u00bb global_colors_info=\u00a0\u00bb{}\u00a0\u00bb]<\/p>\n<p><strong>Ceux qui r\u00eavent<\/strong> &#8211; 48x62x12 cm &#8211;<\/p>\n<p><strong>Vue d&rsquo;exposition<\/strong> &#8211; Biennale Bic\u00e9phale 2023 &#8211;<\/p>\n<p>[\/et_pb_text][\/et_pb_column][\/et_pb_row][et_pb_row _builder_version=\u00a0\u00bb4.27.4&Prime; _module_preset=\u00a0\u00bbdefault\u00a0\u00bb global_colors_info=\u00a0\u00bb{}\u00a0\u00bb][et_pb_column type=\u00a0\u00bb4_4&Prime; _builder_version=\u00a0\u00bb4.27.4&Prime; _module_preset=\u00a0\u00bbdefault\u00a0\u00bb global_colors_info=\u00a0\u00bb{}\u00a0\u00bb][\/et_pb_column][\/et_pb_row][et_pb_row column_structure=\u00a0\u00bb1_2,1_2&Prime; _builder_version=\u00a0\u00bb4.27.4&Prime; _module_preset=\u00a0\u00bbdefault\u00a0\u00bb global_colors_info=\u00a0\u00bb{}\u00a0\u00bb][et_pb_column type=\u00a0\u00bb1_2&Prime; _builder_version=\u00a0\u00bb4.27.4&Prime; _module_preset=\u00a0\u00bbdefault\u00a0\u00bb global_colors_info=\u00a0\u00bb{}\u00a0\u00bb][et_pb_image src=\u00a0\u00bbhttps:\/\/www.paulinejurquet.fr\/wp-content\/uploads\/Rock-Rose-retouchee-scaled.jpg\u00a0\u00bb title_text=\u00a0\u00bbRock Rose retouch\u00e9e\u00a0\u00bb _builder_version=\u00a0\u00bb4.27.4&Prime; _module_preset=\u00a0\u00bbdefault\u00a0\u00bb max_height=\u00a0\u00bb492px\u00a0\u00bb global_colors_info=\u00a0\u00bb{}\u00a0\u00bb][\/et_pb_image][\/et_pb_column][et_pb_column type=\u00a0\u00bb1_2&Prime; _builder_version=\u00a0\u00bb4.27.4&Prime; _module_preset=\u00a0\u00bbdefault\u00a0\u00bb global_colors_info=\u00a0\u00bb{}\u00a0\u00bb][et_pb_image src=\u00a0\u00bbhttps:\/\/www.paulinejurquet.fr\/wp-content\/uploads\/rock-rose.jpg\u00a0\u00bb alt=\u00a0\u00bbart-c\u00e9ramique-poterie-pauline-jurquet-Trentels\u00a0\u00bb title_text=\u00a0\u00bbRock rose\u00a0\u00bb _builder_version=\u00a0\u00bb4.27.4&Prime; _module_preset=\u00a0\u00bbdefault\u00a0\u00bb global_colors_info=\u00a0\u00bb{}\u00a0\u00bb][\/et_pb_image][et_pb_text _builder_version=\u00a0\u00bb4.27.4&Prime; _module_preset=\u00a0\u00bbdefault\u00a0\u00bb global_colors_info=\u00a0\u00bb{}\u00a0\u00bb]<\/p>\n<p><strong>Rock rose<\/strong> &#8211; 50x54x1 cm &#8211; 2022<\/p>\n<p>[\/et_pb_text][\/et_pb_column][\/et_pb_row][et_pb_row column_structure=\u00a0\u00bb1_2,1_2&Prime; _builder_version=\u00a0\u00bb4.19.4&Prime; _module_preset=\u00a0\u00bbdefault\u00a0\u00bb custom_margin=\u00a0\u00bb0px||||false|false\u00a0\u00bb global_colors_info=\u00a0\u00bb{}\u00a0\u00bb][et_pb_column type=\u00a0\u00bb1_2&Prime; _builder_version=\u00a0\u00bb4.19.4&Prime; _module_preset=\u00a0\u00bbdefault\u00a0\u00bb global_colors_info=\u00a0\u00bb{}\u00a0\u00bb][et_pb_text _builder_version=\u00a0\u00bb4.19.4&Prime; _module_preset=\u00a0\u00bbdefault\u00a0\u00bb text_orientation=\u00a0\u00bbcenter\u00a0\u00bb global_colors_info=\u00a0\u00bb{}\u00a0\u00bb][\/et_pb_text][\/et_pb_column][et_pb_column type=\u00a0\u00bb1_2&Prime; _builder_version=\u00a0\u00bb4.19.4&Prime; _module_preset=\u00a0\u00bbdefault\u00a0\u00bb global_colors_info=\u00a0\u00bb{}\u00a0\u00bb][\/et_pb_column][\/et_pb_row][et_pb_row _builder_version=\u00a0\u00bb4.27.4&Prime; _module_preset=\u00a0\u00bbdefault\u00a0\u00bb global_colors_info=\u00a0\u00bb{}\u00a0\u00bb][et_pb_column type=\u00a0\u00bb4_4&Prime; _builder_version=\u00a0\u00bb4.27.4&Prime; _module_preset=\u00a0\u00bbdefault\u00a0\u00bb global_colors_info=\u00a0\u00bb{}\u00a0\u00bb][et_pb_image src=\u00a0\u00bbhttps:\/\/www.paulinejurquet.fr\/wp-content\/uploads\/Biennale-2023-Passerelles.jpg\u00a0\u00bb title_text=\u00a0\u00bbBiennale 2023 &#8211; Passerelles\u00a0\u00bb align=\u00a0\u00bbcenter\u00a0\u00bb _builder_version=\u00a0\u00bb4.27.4&Prime; _module_preset=\u00a0\u00bbdefault\u00a0\u00bb width=\u00a0\u00bb55%\u00a0\u00bb width_tablet=\u00a0\u00bb55%\u00a0\u00bb width_phone=\u00a0\u00bb55%\u00a0\u00bb width_last_edited=\u00a0\u00bbon|phone\u00a0\u00bb max_height=\u00a0\u00bb516px\u00a0\u00bb global_colors_info=\u00a0\u00bb{}\u00a0\u00bb][\/et_pb_image][\/et_pb_column][\/et_pb_row][et_pb_row _builder_version=\u00a0\u00bb4.27.4&Prime; _module_preset=\u00a0\u00bbdefault\u00a0\u00bb global_colors_info=\u00a0\u00bb{}\u00a0\u00bb][et_pb_column type=\u00a0\u00bb4_4&Prime; _builder_version=\u00a0\u00bb4.27.4&Prime; _module_preset=\u00a0\u00bbdefault\u00a0\u00bb global_colors_info=\u00a0\u00bb{}\u00a0\u00bb][et_pb_text _builder_version=\u00a0\u00bb4.27.4&Prime; _module_preset=\u00a0\u00bbdefault\u00a0\u00bb global_colors_info=\u00a0\u00bb{}\u00a0\u00bb]<\/p>\n<p style=\"text-align: center;\">Vue d&rsquo;exposition Biennale Bic\u00e9phale 2023 &#8211; Passerelles : Autant d&rsquo;\u00e9toiles ou de petits riens et Rock Rose<\/p>\n<p>[\/et_pb_text][\/et_pb_column][\/et_pb_row][\/et_pb_section]<\/p>\n","protected":false},"excerpt":{"rendered":"<p>Les PasserellesLes Passerelles sont un ensemble d&rsquo;\u0153uvres r\u00e9alis\u00e9es en 2022. Elles ont la caract\u00e9ristique d&rsquo;\u00eatre repr\u00e9sent\u00e9es par une face et un endos reposant sur un ou plusieurs appuis. La face, ou monde visible se manifeste sous la forme d&rsquo;un travail en relief, orn\u00e9, color\u00e9, presque rayonnant. L&rsquo;endos, d\u00e9sign\u00e9 comme l&rsquo;envers des choses, est ce monde [&hellip;]<\/p>\n","protected":false},"author":1,"featured_media":0,"parent":0,"menu_order":0,"comment_status":"closed","ping_status":"closed","template":"","meta":{"_seopress_robots_primary_cat":"","_seopress_titles_title":"","_seopress_titles_desc":"","_seopress_robots_index":"","_et_pb_use_builder":"on","_et_pb_old_content":"","_et_gb_content_width":"","footnotes":""},"class_list":["post-88","page","type-page","status-publish","hentry"],"_links":{"self":[{"href":"https:\/\/www.paulinejurquet.fr\/index.php\/wp-json\/wp\/v2\/pages\/88","targetHints":{"allow":["GET"]}}],"collection":[{"href":"https:\/\/www.paulinejurquet.fr\/index.php\/wp-json\/wp\/v2\/pages"}],"about":[{"href":"https:\/\/www.paulinejurquet.fr\/index.php\/wp-json\/wp\/v2\/types\/page"}],"author":[{"embeddable":true,"href":"https:\/\/www.paulinejurquet.fr\/index.php\/wp-json\/wp\/v2\/users\/1"}],"replies":[{"embeddable":true,"href":"https:\/\/www.paulinejurquet.fr\/index.php\/wp-json\/wp\/v2\/comments?post=88"}],"version-history":[{"count":27,"href":"https:\/\/www.paulinejurquet.fr\/index.php\/wp-json\/wp\/v2\/pages\/88\/revisions"}],"predecessor-version":[{"id":816,"href":"https:\/\/www.paulinejurquet.fr\/index.php\/wp-json\/wp\/v2\/pages\/88\/revisions\/816"}],"wp:attachment":[{"href":"https:\/\/www.paulinejurquet.fr\/index.php\/wp-json\/wp\/v2\/media?parent=88"}],"curies":[{"name":"wp","href":"https:\/\/api.w.org\/{rel}","templated":true}]}}