{"id":76,"date":"2022-12-21T10:13:30","date_gmt":"2022-12-21T09:13:30","guid":{"rendered":"https:\/\/www.paulinejurquet.fr\/?page_id=76"},"modified":"2025-10-23T16:34:44","modified_gmt":"2025-10-23T14:34:44","slug":"a-propos","status":"publish","type":"page","link":"https:\/\/www.paulinejurquet.fr\/index.php\/a-propos\/","title":{"rendered":"A propos"},"content":{"rendered":"<p>[et_pb_section fb_built=\u00a0\u00bb1&Prime; _builder_version=\u00a0\u00bb4.23.1&Prime; _module_preset=\u00a0\u00bbdefault\u00a0\u00bb global_colors_info=\u00a0\u00bb{}\u00a0\u00bb][et_pb_row column_structure=\u00a0\u00bb1_2,1_2&Prime; _builder_version=\u00a0\u00bb4.24.0&Prime; _module_preset=\u00a0\u00bbdefault\u00a0\u00bb custom_margin=\u00a0\u00bb0px||-10px||false|false\u00a0\u00bb custom_padding=\u00a0\u00bb0px||||false|false\u00a0\u00bb global_colors_info=\u00a0\u00bb{}\u00a0\u00bb][et_pb_column type=\u00a0\u00bb1_2&Prime; _builder_version=\u00a0\u00bb4.19.4&Prime; _module_preset=\u00a0\u00bbdefault\u00a0\u00bb global_colors_info=\u00a0\u00bb{}\u00a0\u00bb][et_pb_image src=\u00a0\u00bbhttps:\/\/www.paulinejurquet.fr\/wp-content\/uploads\/Portrait-2-scaled.jpg\u00a0\u00bb alt=\u00a0\u00bbceci-est-un-portrait-de-Pauline-Jurquet\u00a0\u00bb title_text=\u00a0\u00bbPortrait 2&Prime; align=\u00a0\u00bbcenter\u00a0\u00bb _builder_version=\u00a0\u00bb4.23.1&Prime; _module_preset=\u00a0\u00bbdefault\u00a0\u00bb transform_scale=\u00a0\u00bb98%|98%\u00a0\u00bb transform_scale_last_edited=\u00a0\u00bboff|desktop\u00a0\u00bb transform_translate_last_edited=\u00a0\u00bboff|desktop\u00a0\u00bb transform_rotate_last_edited=\u00a0\u00bboff|desktop\u00a0\u00bb transform_skew_last_edited=\u00a0\u00bboff|desktop\u00a0\u00bb transform_origin_last_edited=\u00a0\u00bboff|desktop\u00a0\u00bb transform_styles_last_edited=\u00a0\u00bboff|desktop\u00a0\u00bb width=\u00a0\u00bb62%\u00a0\u00bb module_alignment=\u00a0\u00bbright\u00a0\u00bb custom_margin=\u00a0\u00bb34px|0px||0px|false|false\u00a0\u00bb custom_margin_tablet=\u00a0\u00bb0px||||false|false\u00a0\u00bb custom_margin_phone=\u00a0\u00bb0px||||false|false\u00a0\u00bb custom_margin_last_edited=\u00a0\u00bbon|phone\u00a0\u00bb custom_padding=\u00a0\u00bb0px|0px||0px|false|false\u00a0\u00bb global_colors_info=\u00a0\u00bb{}\u00a0\u00bb][\/et_pb_image][\/et_pb_column][et_pb_column type=\u00a0\u00bb1_2&Prime; _builder_version=\u00a0\u00bb4.19.4&Prime; _module_preset=\u00a0\u00bbdefault\u00a0\u00bb global_colors_info=\u00a0\u00bb{}\u00a0\u00bb][et_pb_text _builder_version=\u00a0\u00bb4.24.0&Prime; _module_preset=\u00a0\u00bbdefault\u00a0\u00bb text_text_color=\u00a0\u00bb#FFFFFF\u00a0\u00bb width=\u00a0\u00bb75%\u00a0\u00bb custom_margin=\u00a0\u00bb5px||0px||false|false\u00a0\u00bb custom_margin_tablet=\u00a0\u00bb4px||||false|false\u00a0\u00bb custom_margin_phone=\u00a0\u00bb31px||||false|false\u00a0\u00bb custom_margin_last_edited=\u00a0\u00bbon|phone\u00a0\u00bb custom_padding=\u00a0\u00bb0px||0px||false|false\u00a0\u00bb global_colors_info=\u00a0\u00bb{}\u00a0\u00bb]<\/p>\n<p style=\"text-align: justify;\"><span style=\"color: #666699;\"><\/span><\/p>\n<p style=\"text-align: justify;\"><span style=\"color: #666699;\"><\/span><\/p>\n<p style=\"text-align: justify;\"><span style=\"color: #666699;\">Pauline Jurquet n\u00e9e le 18 juillet 1981 \u00e0 Agen, est une c\u00e9ramiste contemporaine fran\u00e7aise.<\/span><\/p>\n<p style=\"text-align: justify;\"><span style=\"color: #666699;\">Issue d&rsquo;une famille d&rsquo;agriculteurs, Pauline Jurquet grandit dans le Lot \u00e0 proximit\u00e9 du village de Cassagnes. En 2000, elle fait ses \u00e9tudes au <a href=\"https:\/\/clement-marot.mon-ent-occitanie.fr\/\" target=\"_blank\" rel=\"noopener\">Lyc\u00e9e Cl\u00e9ment Marot<\/a>, \u00e0 Cahors et poursuit par une formation en d\u00e9cor c\u00e9ramique dans les ateliers de Nadine et Alain Migniot. En 2004, elle entre \u00e0 l&rsquo;\u00e9cole des <a href=\"https:\/\/www.eesab.fr\/quimper\/\" target=\"_blank\" rel=\"noopener\">Beaux-arts de Quimper<\/a> et d\u00e9cide de centrer son travail sur les diff\u00e9rents rituels reliant les hommes au mat\u00e9riau terre. A l&rsquo;instar de <a href=\"https:\/\/fr.wikipedia.org\/wiki\/Jean_et_Jacqueline_Lerat\" target=\"_blank\" rel=\"noopener\">Jacqueline Lerat<\/a> qu\u2019elle rencontre durant sa seconde ann\u00e9e d\u2019\u00e9tudes, son\u00a0 regard\u00a0 sur\u00a0 son m\u00e9tier\u00a0 de c\u00e9ramiste\u00a0 ne\u00a0 peut\u00a0 se dissocier de celui\u00a0<\/span><\/p>\n<p>[\/et_pb_text][\/et_pb_column][\/et_pb_row][et_pb_row _builder_version=\u00a0\u00bb4.24.0&Prime; _module_preset=\u00a0\u00bbdefault\u00a0\u00bb width=\u00a0\u00bb76%\u00a0\u00bb module_alignment=\u00a0\u00bbcenter\u00a0\u00bb custom_margin=\u00a0\u00bb0px||0px||false|false\u00a0\u00bb custom_padding=\u00a0\u00bb0px||0px||false|false\u00a0\u00bb global_colors_info=\u00a0\u00bb{}\u00a0\u00bb][et_pb_column type=\u00a0\u00bb4_4&Prime; _builder_version=\u00a0\u00bb4.19.4&Prime; _module_preset=\u00a0\u00bbdefault\u00a0\u00bb global_colors_info=\u00a0\u00bb{}\u00a0\u00bb][et_pb_text _builder_version=\u00a0\u00bb4.27.4&Prime; _module_preset=\u00a0\u00bbdefault\u00a0\u00bb text_text_color=\u00a0\u00bb#000000&Prime; width=\u00a0\u00bb88%\u00a0\u00bb max_width=\u00a0\u00bb100%\u00a0\u00bb module_alignment=\u00a0\u00bbcenter\u00a0\u00bb min_height=\u00a0\u00bb1000px\u00a0\u00bb height=\u00a0\u00bb1000px\u00a0\u00bb max_height=\u00a0\u00bb1000px\u00a0\u00bb custom_margin=\u00a0\u00bb0px||0px||false|false\u00a0\u00bb custom_margin_tablet=\u00a0\u00bb0px||0px||false|false\u00a0\u00bb custom_margin_phone=\u00a0\u00bb0px||0px||false|false\u00a0\u00bb custom_margin_last_edited=\u00a0\u00bbon|tablet\u00a0\u00bb custom_padding=\u00a0\u00bb0px||0px||false|false\u00a0\u00bb inline_fonts=\u00a0\u00bbAbhaya Libre\u00a0\u00bb global_colors_info=\u00a0\u00bb{}\u00a0\u00bb]<\/p>\n<p style=\"text-align: justify;\"><span style=\"color: #666699;\">qu\u2019elle porte sur la v\u00e9g\u00e9tation qui l\u2019entoure. On retrouvera dans le processus cr\u00e9ateur de <a href=\"https:\/\/fr.wikipedia.org\/wiki\/Giuseppe_Penone\" target=\"_blank\" rel=\"noopener\">Giuseppe Penone<\/a> et dans une certaine mesure le mouvement de <a href=\"https:\/\/fr.wikipedia.org\/wiki\/Arte_povera\" target=\"_blank\" rel=\"noopener\">l\u2019Arte Povera<\/a> les traces qu&rsquo;ils ont pu laisser dans son parcours, ne serait-ce que pour l\u2019attrait de certains \u00e9l\u00e9ments organiques lors de r\u00e9alisations ult\u00e9rieures.<\/span><\/p>\n<p style=\"text-align: justify;\"><span style=\"color: #666699;\">En 2006, se d\u00e9couvrant un int\u00e9r\u00eat particulier pour l&rsquo;architecture en Terre d&rsquo;Afrique, elle s&rsquo;inspire des mosqu\u00e9es du <a href=\"https:\/\/www.google.com\/maps\/@17.5744475,-3.9864811,6z?entry=ttu\" target=\"_blank\" rel=\"noopener\">Mali<\/a> pour r\u00e9aliser \u00e0 partir d&rsquo;un moulage une multitude de petites constructions apparent\u00e9es \u00e0 la forme d&rsquo;un livre qu&rsquo;elle pr\u00e9sente sur une biblioth\u00e8que (M\u00e9moire d&rsquo;un rituel, recherche sur la pratique de la terre). Deux ans plus tard et toujours dans le cadre de ses \u00e9tudes, elle se rend au Mali et s&rsquo;initie aux pratiques traditionnelles de la terre en compagnie des poti\u00e8res de Farako. Na\u00eetront de ce voyage un ensemble d&rsquo;anecdotes et de photographies retra\u00e7ant les moments symboliques de ce s\u00e9jour (Polline Gulke dite Awa Kan\u00e9). De cette exp\u00e9rience d\u00e9coulera sa d\u00e9cision de ne pas poursuivre la derni\u00e8re ann\u00e9e des Beaux-arts et de s&rsquo;installer \u00e0 Trentels, dans le Lot et Garonne pour y exercer le m\u00e9tier de c\u00e9ramiste. Elle y am\u00e9nage son atelier en 2009 et d\u00e9bute alors un travail enracin\u00e9 et physique, marqu\u00e9 dans un premier temps par une production utilitaire due aux n\u00e9cessit\u00e9s \u00e9conomiques.<\/span><\/p>\n<p style=\"text-align: justify;\"><span style=\"color: #666699;\">En 2011, Jochen Ruopp qui lui offre une premi\u00e8re exposition en Allemagne (Galerie N, Nienburg). Petit \u00e0 petit, son travail s&rsquo;achemine vers les qualit\u00e9s et le caract\u00e8re antagoniste du gr\u00e8s et de la porcelaine, d\u00e9termin\u00e9e \u00e0 en exprimer la difficile conjugaison. Elle r\u00e9alise pour cela des pi\u00e8ces sculpturales dans lesquelles s&rsquo;ajustent ou s&#8217;embo\u00eetent les deux mati\u00e8res dans des proportions propres \u00e0 maintenir leurs qualit\u00e9s esth\u00e9tiques. Cette p\u00e9riode est aussi la d\u00e9couverte d&rsquo;un mat\u00e9riau nouveau qu&rsquo;elle associe \u00e0 ses \u0153uvres avant l&rsquo;enfournement: le m\u00e9tal, dont la fusion dans les \u00e9maux devient l&rsquo; \u00e9l\u00e9ment graphique.<\/span><\/p>\n<p style=\"text-align: justify;\"><span style=\"color: #666699;\">Plusieurs expositions dont celle du <a href=\"http:\/\/www.mamc.cordessurciel.fr\/le-musee\/\" target=\"_blank\" rel=\"noopener\">Mus\u00e9e d&rsquo;art Moderne et contemporain de Cordes sur ciel<\/a> en 2012 l&rsquo;invitent \u00e0 reconsid\u00e9rer son approche artistique et notamment le travail d&rsquo;installation. C&rsquo;est ainsi qu&rsquo;en 2017, avec son compagnon, na\u00eet le projet \u00abEn transit\u00bb.<\/span><br \/><span style=\"color: #666699; font-family: inherit;\">Sorte d&rsquo;aquariums g\u00e9ants pr\u00e9sent\u00e9s sous le th\u00e8me du passage et v\u00e9hiculant diff\u00e9rents objets et mati\u00e8res ( Bois, terre cr\u00fbe, valises, cire, \u00e9pluchures d&rsquo;oranges&#8230;), cet ensemble lui offre de repenser une fa\u00e7on de concevoir la sculpture dans l&rsquo;espace et de l&rsquo;associer plus librement \u00e0 d&rsquo;autres <span style=\"font-weight: normal;\">\u00e9l\u00e9ments.<\/span><\/span><\/p>\n<p style=\"text-align: justify;\"><span style=\"color: #666699;\">En 2019, lors d\u2019une exposition sur le th\u00e8me du motif \u00e0 r\u00e9p\u00e9tition au Grenier du Chapitre \u00e0 Cahors, elle pr\u00e9sente une s\u00e9rie intitul\u00e9e \u00ab\u00a0Abondances\u00a0\u00bb. Ensemble compos\u00e9 de six trompes aux protub\u00e9rances animales et s\u2019inspirant directement de la forme d\u2019un objet mythologique universel, la corne d\u2019abondance.<\/span><br \/><span style=\"color: #666699;\">Le premier \u00e9l\u00e9ment de cette s\u00e9rie sera prim\u00e9 au <a href=\"https:\/\/fr.wikipedia.org\/wiki\/Salon_des_r%C3%A9alit%C3%A9s_nouvelles\" target=\"_blank\" rel=\"noopener\">Salon des R\u00e9alit\u00e9s Nouvelles<\/a> \u00e0 Paris (2018) et repr\u00e9sent\u00e9 dans la m\u00eame ann\u00e9e lors d\u2019une exposition personnelle au Centre culturel Andr\u00e9 Malraux (Agen).<\/span><\/p>\n<p style=\"text-align: justify;\"><span style=\"color: #666699;\">En 2022 , dans le cadre d\u2019une exposition consacr\u00e9e aux femmes, elle d\u00e9voile une pi\u00e8ce monumentale qu\u2019elle intitule \u00ab\u00a0le chant\u00a0\u00bb. Imposant volume recouvert d\u2019empreintes de porcelaine, la pi\u00e8ce est pos\u00e9e sur deux \u00ab\u00a0pieds\u00a0\u00bb la soulevant du sol et se manifeste comme une corr\u00e9lation avec le chant des baleines.<\/span><\/p>\n<p style=\"text-align: justify;\"><span style=\"color: #666699;\">Dans la m\u00eame ann\u00e9e, elle expose \u00e0 la <a href=\"https:\/\/www.nayart.fr\/\" target=\"_blank\" rel=\"noopener\">Minoterie de Nay<\/a> sur le th\u00e8me du motif \u00e0 r\u00e9p\u00e9tition, une s\u00e9rie d\u2019\u0153uvres intitul\u00e9es \u00ab\u00a0Passerelles\u00a0\u00bb.<\/span><\/p>\n<p style=\"text-align: justify;\"><span style=\"color: #666699;\">Pauline Jurquet vit et travaille \u00e0 Trentels dans le Lot-et-Garonne sur le lieu baptis\u00e9 \u00a0\u00bb <a href=\"https:\/\/lebicephale.fr\/\" target=\"_blank\" rel=\"noopener\">Le Bic\u00e9phale\u00a0\u00bb.<\/a><\/span><\/p>\n<p style=\"text-align: justify;\">[\/et_pb_text][et_pb_text _builder_version=\u00a0\u00bb4.27.4&Prime; _module_preset=\u00a0\u00bbdefault\u00a0\u00bb width=\u00a0\u00bb76%\u00a0\u00bb module_alignment=\u00a0\u00bbcenter\u00a0\u00bb hover_enabled=\u00a0\u00bb0&Prime; global_colors_info=\u00a0\u00bb{}\u00a0\u00bb sticky_enabled=\u00a0\u00bb0&Prime;]<\/p>\n<h3 style=\"text-align: justify;\"><strong style=\"font-size: 24px; color: #666699;\">Bio (par dates)<\/strong><\/h3>\n<p>&nbsp;<\/p>\n<p><span style=\"color: #666699;\">2025: Ligne bleue, Carssac-Aillac, France\/ Biennale Bic\u00e9phale #3, Trentels, France\/ Ad jardinum, Ligueux, France.<\/span><\/p>\n<p><a href=\"https:\/\/www.paulinejurquet.fr\/wp-login.php\"><span style=\"color: #666699;\">2024 : Eglise Sainte-Foy,\u00a0 Pujols, France \/ Centre Culturel Santamaria, Prayssac, France.<\/span><\/a><\/p>\n<p style=\"text-align: justify;\"><span style=\"color: #666699;\">2022 : \u00a0\u00bb Motifs leitmotivs\u00a0\u00bb, Minoterie de Nay, France\/ Galerie Art graine de l&rsquo;esprit, Villefranche du P\u00e9rigord, France \/ Biennale de Goujounac, France.<\/span><\/p>\n<p style=\"text-align: justify;\"><span style=\"color: #666699;\">2021 : Biennale Bic\u00e9phale, Trentels, France.\u00a0<\/span><\/p>\n<p style=\"text-align: justify;\"><span style=\"color: #666699;\">2019 : Mus\u00e9e Bernard Palissy, Saint Avit, France \/ Grenier du chapitre, Cahors, France.\u00a0<\/span><\/p>\n<p style=\"text-align: justify;\"><span style=\"color: #666699;\">2018 : Salon des R\u00e9alit\u00e9s Nouvelles, Paris, France &#8211; Prix Art Absolument \/ \u00ab\u00a0Empreinte de l&rsquo;\u00e2me\u00a0\u00bb Centre Culturel Andr\u00e9 Malraux, Agen, France \/ Chapelle de la Pers\u00e9v\u00e9rance, Pau, France \/ Pari, Tarbes, France \/ Biennale de la c\u00e9ramique, Chantelerme-les-Grignan, France \/ Espace Gambetta, Penne d&rsquo;Agenais, France.<\/span><\/p>\n<p style=\"text-align: justify;\"><span style=\"color: #666699; font-family: inherit;\">2017 : Espace Gambetta, Penne d&rsquo;Agenais, France \/ \u00ab\u00a0En Transit\u00a0\u00bb, Lavaur, France.<\/span><\/p>\n<p style=\"text-align: justify;\"><span style=\"color: #666699; font-family: inherit;\">2016 : Espace Gambetta, Penne d&rsquo;Agenais, France \/ Saint Sulpice, Paris, France.<\/span><\/p>\n<p style=\"text-align: justify;\"><span style=\"color: #666699; font-family: inherit;\">2015 : \u00ab\u00a0Emergence III\u00a0\u00bb Centre C\u00e9ramique de Giroussens, Giroussens, France \/ Galerie Nou&rsquo; Art, Auch, France \/\u00a0 \u00ab\u00a0Love&rsquo; Art\u00a0\u00bb, Trentels, France.<\/span><\/p>\n<p style=\"text-align: justify;\"><span style=\"color: #666699; font-family: inherit;\">2013 : Mus\u00e9e d&rsquo;art moderne de Cordes sur Ciel, France.\u00a0<\/span><\/p>\n<p style=\"text-align: justify;\"><span style=\"color: #666699; font-family: inherit;\">2012 : Chantrerie, Cahors, France.<\/span><\/p>\n<p style=\"text-align: justify;\"><span style=\"color: #666699; font-family: inherit;\">2011 : Galerie 7, Fumel, France \/ Galerie N, Nienburg, Allemagne \/ \u00ab\u00a04 \u00e9l\u00e9ments\u00a0\u00bb Penne d&rsquo;Agenais, France &#8211; Prix Art et Histoire.<\/span><\/p>\n<p style=\"text-align: justify;\"><span style=\"color: #666699; font-family: inherit;\">2010 : Argilla Italia, Faenza, Italie.<\/span><\/p>\n<p style=\"text-align: justify;\"><span style=\"color: #666699;\">2009 :\u00a0 Ouverture de l&rsquo;atelier de c\u00e9ramique \u00e0 Trentels, France.<\/span><\/p>\n<h3 style=\"text-align: justify;\"><span style=\"color: #666699;\"><\/span><\/h3>\n<h3 style=\"text-align: justify;\"><span style=\"color: #666699;\"><\/span><\/h3>\n<h3 style=\"text-align: justify;\"><span style=\"color: #666699;\"><\/span><\/h3>\n<h3 style=\"text-align: justify;\"><span style=\"color: #666699;\">Formations:<\/span><\/h3>\n<p style=\"text-align: justify;\"><span style=\"color: #666699;\">2000 : Baccalaur\u00e9at S. M. S. , Cahors, France.<\/span><\/p>\n<p style=\"text-align: justify;\"><span style=\"color: #666699;\">2001 : C.A.P d\u00e9coration en c\u00e9ramique, Sarlat, France.<\/span><\/p>\n<p style=\"text-align: justify;\"><span style=\"color: #666699;\">2002 : B.M.A (Brevet des M\u00e9tiers d&rsquo;Art) en c\u00e9ramique, Sarlat, France.<\/span><\/p>\n<p style=\"text-align: justify;\"><span style=\"color: #666699;\">2003: Ecole municipale des Beaux-arts de Castres, France.<\/span><\/p>\n<p style=\"text-align: justify;\"><span style=\"color: #666699;\">2004 \u00e0 2007 : Beaux-arts de Quimper, France.<\/span><\/p>\n<p style=\"text-align: justify;\"><span style=\"color: #666699;\">2006 : D.N.A.P (Dipl\u00f4me National d&rsquo;Arts Plastiques), Quimper, France. <\/span><\/p>\n<p style=\"text-align: justify;\"><span style=\"color: #666699;\">Octobre 2006 \u00e0 avril 2007: s\u00e9jour chez les poti\u00e8res de Farako, apprentissage des techniques traditionnelles chez les poti\u00e8res de Farako, Mali.<\/span><\/p>\n<p style=\"text-align: justify;\"><span style=\"color: #666699;\">2009 : D.N.A.P (Dipl\u00f4me National d&rsquo;Arts Plastiques), Quimper, France.<\/span><\/p>\n<p style=\"text-align: justify;\"><span style=\"color: #666699;\"><\/span><\/p>\n<p style=\"text-align: justify;\"><span style=\"color: #666699;\"><\/span><\/p>\n<p style=\"text-align: justify;\"><span style=\"color: #666699; font-size: 14px; background-color: #ffffff;\"><\/span><\/p>\n<p style=\"text-align: justify;\"><span style=\"color: #666699; font-size: 14px; background-color: #ffffff;\"><\/span><\/p>\n<div class=\"et-module-39118b3e-ae39-4be6-9ac1-e11f720d3def et_pb_column ui-sortable et-animated--vb et_pb_column_4_4 et_pb_column_3 et-first-child et-last-child et_pb_with_border et_pb_hovered_child\" data-address=\"1.1.0\" style=\"font-size: 14px; background-size: cover; background-color: #ffffff; width: 1080px; color: #666666; z-index: 10 !important; text-align: justify;\">\n<div class=\"et_pb_hovered et_fb_editing_enabled et_fb_element_controls_visible et-module-a6cd6255-c620-4454-b4f0-1c5eaf3681ad et_pb_text et_pb_module ui-sortable et_pb_text_2 et-animated--vb et_pb_text_align_left et_pb_bg_layout_light et-first-child et-last-child\" data-address=\"1.1.0.0\" dynamic=\"[object Object]\" matching=\"[object Object]\" parent_slug=\"et_pb_column\" theme_builder_suffix=\"\" wp_editor_suffix=\"\" wrapper_settings=\"[object Object]\" _key=\"a6cd6255-c620-4454-b4f0-1c5eaf3681ad\" style=\"font-size: 14px; background-size: cover;\">\n<div class=\"et_pb_text_inner\" style=\"font-size: 14px;\">\n<div data-shortcode-id=\"1.1.0.0-1698246589953\" data-quickaccess-editable=\"yes\" class=\"et-fb-popover-tinymce\" style=\"font-size: 14px;\">\n<div class=\"mce-content-body\" style=\"font-size: 14px; position: relative;\">\n<p>&nbsp;<\/p>\n<\/div>\n<\/div>\n<\/div>\n<\/div>\n<\/div>\n<p>[\/et_pb_text][et_pb_text _builder_version=\u00a0\u00bb4.27.2&Prime; _module_preset=\u00a0\u00bbdefault\u00a0\u00bb width=\u00a0\u00bb76%\u00a0\u00bb module_alignment=\u00a0\u00bbcenter\u00a0\u00bb custom_margin=\u00a0\u00bb0px||||false|false\u00a0\u00bb custom_padding=\u00a0\u00bb0px||||false|false\u00a0\u00bb link_option_url_new_window=\u00a0\u00bbon\u00a0\u00bb global_colors_info=\u00a0\u00bb{}\u00a0\u00bb]<\/p>\n<h3 style=\"text-align: justify;\"><span style=\"color: #666699;\"><strong>Collections publiques<\/strong><\/span><\/h3>\n<p><span style=\"color: #666699;\">Collection publique de la ville de Lauzerte, France<\/span><\/p>\n<p><span style=\"color: #666699;\">Collection publique de la ville de Bussi\u00e8re-Badil, France.<\/span><\/p>\n<p><span style=\"color: #666699;\"><\/span><\/p>\n<p><span style=\"color: #666699;\"><\/span><\/p>\n<p style=\"font-size: 14px; text-align: justify;\"><span style=\"font-size: 14px; color: #666699;\"><\/span><\/p>\n<h3 style=\"text-align: justify;\"><span style=\"color: #666699;\"><strong>Prix<\/strong><\/span><\/h3>\n<p>2018 : <span style=\"color: #666699;\">Prix du <a href=\"https:\/\/www.artabsolument.com\/fr\/default\/news\/detail\/339\/\" target=\"_blank\" rel=\"noopener\">magazine Art absolument<\/a> (Salon des R\u00e9alit\u00e9s Nouvelles). Paris.<\/span><\/p>\n<p><span style=\"color: #666699;\">2017 : Prix Salon d&rsquo;art d&rsquo;Agen ( Centre culturel Andr\u00e9 Malraux). Agen.<\/span><\/p>\n<p><span style=\"color: #666699;\">2014 : Prix de la ville de Bussi\u00e8re-Badil.<\/span><\/p>\n<p><span style=\"color: #666699;\">2013 : Prix de la ville de Lauzerte.<\/span><\/p>\n<p><span style=\"color: #666699;\">2011 : Prix de l&rsquo;exposition \u00ab\u00a04 \u00e9l\u00e9ments\u00a0\u00bb, Penne d&rsquo;Agenais.<\/span><\/p>\n<p><span style=\"color: #666699;\"><\/span><\/p>\n<p><span style=\"color: #666699;\"><\/span><\/p>\n<p><span style=\"color: #666699;\"><\/span><\/p>\n<h3 style=\"text-align: justify;\"><span style=\"color: #666699;\"><strong>Publications<\/strong><\/span><\/h3>\n<p><span style=\"color: #666699;\"><\/span><\/p>\n<p><span style=\"color: #666699;\">2024 : Catalogue d&rsquo;exposition: r\u00e9trospective 10 ans de la Biennale de la c\u00e9ramique, Chantelerme les Grignan.<\/span><span style=\"color: #666699;\"><strong><\/strong><\/span><\/p>\n<p><span style=\"color: #666699;\">2019 : Deux mains, la terre, catalogue d&rsquo;exposition, Mus\u00e9e Bernard Palissy, Saint Avit<\/span><\/p>\n<p><span style=\"color: #666699;\">2018 : <a href=\"https:\/\/www.artabsolument.com\/fr\/default\/news\/detail\/339\/\" target=\"_blank\" rel=\"noopener\">Revue Art absolument n\u00b086<\/a> (Novembre). Article de Pascale Lismonde.<\/span><\/p>\n<p><span style=\"color: #666699;\">2015 : Emergences, catalogue d&rsquo;exposition, Centre c\u00e9ramique de Giroussens.<\/span><\/p>\n<p><span style=\"color: #666699;\"><\/span><\/p>\n<p><span style=\"color: #666699;\"><\/span><\/p>\n<p><span style=\"color: #666699;\"><\/span><\/p>\n<h3 style=\"text-align: justify;\"><span style=\"color: #666699;\"><strong>Reportages<\/strong><\/span><\/h3>\n<p><span style=\"color: #666699;\">2022 :\u00a0<\/span><a href=\"https:\/\/www.paulinejurquet.fr\/wp-content\/uploads\/nay-exposition-de-pauline-jurquet-et-du-peintre-benoit-rouer-a-la-mi-360-x-6_CIphiwP2.mp4\" target=\"_blank\" rel=\"noopener\">L&rsquo;esth\u00e9tique de la mati\u00e8re au service des sens,<\/a><span style=\"color: #666699;\"> France 3 Pau Sud Aquitaine.<\/span><\/p>\n<div class=\"mce-content-body\" style=\"font-size: 14px; position: relative;\"><span style=\"color: #666699;\">Reportage de O.Lopez\/B.Bracot\/ M.L. Galle. (dur\u00e9e 1m24s)<\/span><\/div>\n<p>&nbsp;<\/p>\n<div class=\"et-module-39118b3e-ae39-4be6-9ac1-e11f720d3def et_pb_column ui-sortable et-animated--vb et_pb_column_4_4 et_pb_column_3 et-first-child et-last-child et_pb_with_border et_pb_hovered_child\" data-address=\"1.1.0\" style=\"font-size: 14px; background-size: cover; background-color: #ffffff; width: 1080px; color: #666666; z-index: 10 !important; text-align: justify;\">\n<div class=\"et_pb_hovered et_fb_editing_enabled et_fb_element_controls_visible et-module-a6cd6255-c620-4454-b4f0-1c5eaf3681ad et_pb_text et_pb_module ui-sortable et_pb_text_2 et-animated--vb et_pb_text_align_left et_pb_bg_layout_light et-first-child et-last-child\" data-address=\"1.1.0.0\" dynamic=\"[object Object]\" matching=\"[object Object]\" parent_slug=\"et_pb_column\" theme_builder_suffix=\"\" wp_editor_suffix=\"\" wrapper_settings=\"[object Object]\" _key=\"a6cd6255-c620-4454-b4f0-1c5eaf3681ad\" style=\"font-size: 14px; background-size: cover;\">\n<div class=\"et_pb_text_inner\" style=\"font-size: 14px;\">\n<div data-shortcode-id=\"1.1.0.0-1698246589953\" data-quickaccess-editable=\"yes\" class=\"et-fb-popover-tinymce\" style=\"font-size: 14px;\">\n<div class=\"mce-content-body\" style=\"font-size: 14px; position: relative;\">\n<div class=\"mce-content-body\" style=\"font-size: 14px; position: relative;\"><\/div>\n<\/div>\n<\/div>\n<\/div>\n<\/div>\n<\/div>\n<p>[\/et_pb_text][\/et_pb_column][\/et_pb_row][\/et_pb_section]<\/p>\n","protected":false},"excerpt":{"rendered":"<p>Pauline Jurquet n\u00e9e le 18 juillet 1981 \u00e0 Agen, est une c\u00e9ramiste contemporaine fran\u00e7aise. Issue d&rsquo;une famille d&rsquo;agriculteurs, Pauline Jurquet grandit dans le Lot \u00e0 proximit\u00e9 du village de Cassagnes. En 2000, elle fait ses \u00e9tudes au Lyc\u00e9e Cl\u00e9ment Marot, \u00e0 Cahors et poursuit par une formation en d\u00e9cor c\u00e9ramique dans les ateliers de Nadine [&hellip;]<\/p>\n","protected":false},"author":1,"featured_media":0,"parent":0,"menu_order":0,"comment_status":"closed","ping_status":"closed","template":"","meta":{"_seopress_robots_primary_cat":"","_seopress_titles_title":"","_seopress_titles_desc":"","_seopress_robots_index":"","_et_pb_use_builder":"on","_et_pb_old_content":"<!-- wp:divi\/placeholder \/-->","_et_gb_content_width":"","footnotes":""},"class_list":["post-76","page","type-page","status-publish","hentry"],"_links":{"self":[{"href":"https:\/\/www.paulinejurquet.fr\/index.php\/wp-json\/wp\/v2\/pages\/76","targetHints":{"allow":["GET"]}}],"collection":[{"href":"https:\/\/www.paulinejurquet.fr\/index.php\/wp-json\/wp\/v2\/pages"}],"about":[{"href":"https:\/\/www.paulinejurquet.fr\/index.php\/wp-json\/wp\/v2\/types\/page"}],"author":[{"embeddable":true,"href":"https:\/\/www.paulinejurquet.fr\/index.php\/wp-json\/wp\/v2\/users\/1"}],"replies":[{"embeddable":true,"href":"https:\/\/www.paulinejurquet.fr\/index.php\/wp-json\/wp\/v2\/comments?post=76"}],"version-history":[{"count":39,"href":"https:\/\/www.paulinejurquet.fr\/index.php\/wp-json\/wp\/v2\/pages\/76\/revisions"}],"predecessor-version":[{"id":827,"href":"https:\/\/www.paulinejurquet.fr\/index.php\/wp-json\/wp\/v2\/pages\/76\/revisions\/827"}],"wp:attachment":[{"href":"https:\/\/www.paulinejurquet.fr\/index.php\/wp-json\/wp\/v2\/media?parent=76"}],"curies":[{"name":"wp","href":"https:\/\/api.w.org\/{rel}","templated":true}]}}