{"id":658,"date":"2025-03-12T16:06:46","date_gmt":"2025-03-12T15:06:46","guid":{"rendered":"https:\/\/www.paulinejurquet.fr\/?page_id=658"},"modified":"2025-09-10T21:57:26","modified_gmt":"2025-09-10T19:57:26","slug":"lignes-deau","status":"publish","type":"page","link":"https:\/\/www.paulinejurquet.fr\/index.php\/lignes-deau\/","title":{"rendered":"Lignes d&rsquo;eau"},"content":{"rendered":"<p>[et_pb_section fb_built=\u00a0\u00bb1&Prime; _builder_version=\u00a0\u00bb4.27.4&Prime; _module_preset=\u00a0\u00bbdefault\u00a0\u00bb global_colors_info=\u00a0\u00bb{}\u00a0\u00bb][et_pb_row _builder_version=\u00a0\u00bb4.27.4&Prime; _module_preset=\u00a0\u00bbdefault\u00a0\u00bb global_colors_info=\u00a0\u00bb{}\u00a0\u00bb][et_pb_column type=\u00a0\u00bb4_4&Prime; _builder_version=\u00a0\u00bb4.27.4&Prime; _module_preset=\u00a0\u00bbdefault\u00a0\u00bb global_colors_info=\u00a0\u00bb{}\u00a0\u00bb][et_pb_text _builder_version=\u00a0\u00bb4.27.4&Prime; _module_preset=\u00a0\u00bbdefault\u00a0\u00bb global_colors_info=\u00a0\u00bb{}\u00a0\u00bb]<\/p>\n<h2 style=\"text-align: center;\"><span style=\"color: #666699;\"><\/span><\/h2>\n<h2 style=\"text-align: center;\"><span style=\"color: #666699;\"><\/span><\/h2>\n<h2 style=\"text-align: center;\"><span style=\"color: #666699;\">Les lignes d&rsquo;eau<\/span><\/h2>\n<p>[\/et_pb_text][\/et_pb_column][\/et_pb_row][et_pb_row column_structure=\u00a0\u00bb1_2,1_2&Prime; _builder_version=\u00a0\u00bb4.27.4&Prime; _module_preset=\u00a0\u00bbdefault\u00a0\u00bb global_colors_info=\u00a0\u00bb{}\u00a0\u00bb][et_pb_column type=\u00a0\u00bb1_2&Prime; _builder_version=\u00a0\u00bb4.27.4&Prime; _module_preset=\u00a0\u00bbdefault\u00a0\u00bb global_colors_info=\u00a0\u00bb{}\u00a0\u00bb][et_pb_image src=\u00a0\u00bbhttps:\/\/www.paulinejurquet.fr\/wp-content\/uploads\/Grande-Salle-Bicephale-2023.jpg\u00a0\u00bb title_text=\u00a0\u00bbGrande Salle &#8211; Bicephale 2023&Prime; _builder_version=\u00a0\u00bb4.27.4&Prime; _module_preset=\u00a0\u00bbdefault\u00a0\u00bb max_height=\u00a0\u00bb538px\u00a0\u00bb global_colors_info=\u00a0\u00bb{}\u00a0\u00bb][\/et_pb_image][\/et_pb_column][et_pb_column type=\u00a0\u00bb1_2&Prime; _builder_version=\u00a0\u00bb4.27.4&Prime; _module_preset=\u00a0\u00bbdefault\u00a0\u00bb global_colors_info=\u00a0\u00bb{}\u00a0\u00bb][et_pb_text _builder_version=\u00a0\u00bb4.27.4&Prime; _module_preset=\u00a0\u00bbdefault\u00a0\u00bb text_font=\u00a0\u00bb||||||||\u00a0\u00bb text_text_color=\u00a0\u00bbrgba(22,4,0,0.58)\u00a0\u00bb header_2_font=\u00a0\u00bb||||||||\u00a0\u00bb header_2_text_align=\u00a0\u00bbjustify\u00a0\u00bb header_2_text_color=\u00a0\u00bb#4e4068&Prime; text_orientation=\u00a0\u00bbjustified\u00a0\u00bb background_layout=\u00a0\u00bbdark\u00a0\u00bb custom_padding=\u00a0\u00bb||0px||false|false\u00a0\u00bb hover_enabled=\u00a0\u00bb0&Prime; text_font_tablet=\u00a0\u00bbAbel||||||||\u00a0\u00bb text_font_phone=\u00a0\u00bbAbel||||||||\u00a0\u00bb text_font_last_edited=\u00a0\u00bboff|phone\u00a0\u00bb inline_fonts=\u00a0\u00bbAbel\u00a0\u00bb global_colors_info=\u00a0\u00bb{}\u00a0\u00bb sticky_enabled=\u00a0\u00bb0&Prime;]<\/p>\n<p style=\"text-align: justify;\"><span style=\"color: #48506b; font-family: inherit;\"><span style=\"font-size: medium;\"><i><\/i><\/span><\/span><\/p>\n<p>Les <em>Lignes d&rsquo;eau<\/em> sont une s\u00e9rie d&rsquo;\u0153uvres aux formes \u00e9pur\u00e9es. Chaque pi\u00e8ce a subi une coupe al\u00e9atoire en son milieu qui la divise en deux parties asym\u00e9triques. Par la suite, chacune d&rsquo;elle est reconstitu\u00e9e en laissant apparaitre l&rsquo;intervalle provoqu\u00e9 par la coupe subie. Les<em> Lignes d&rsquo;eau<\/em> sont donc ces intervalles mod\u00e9lisant une ligne virtuelle que l&rsquo;on d\u00e9couvre en regardant l&rsquo;\u0153uvre pos\u00e9e au sol et sur laquelle repose toute la th\u00e9matique de mon travail, \u00e0 savoir ce qui rel\u00e8ve du processus de transformation et d&rsquo;\u00e9volution d&rsquo;un \u00eatre vivant. La <em>Ligne d&rsquo;eau<\/em> qui caract\u00e9rise ce travail, qui le structure, qui marque un passage, sugg\u00e8re que les ouvertures et les distances puissent aussi former des ponts invisibles, liens entre deux endroits diff\u00e9rents et proches \u00e0 la fois. La rupture pourrait \u00eatre ce lieu d&rsquo;ouverture, ce moment d\u00e9licat que nous devons franchir pour mieux nous r\u00e9approprier l&rsquo;\u00e9v\u00e9nement et le sublimer.<\/p>\n<p>&nbsp;<\/p>\n<p><em>*Technique japonaise du Kintsugi<\/em><\/p>\n<p>[\/et_pb_text][\/et_pb_column][\/et_pb_row][et_pb_row _builder_version=\u00a0\u00bb4.27.4&Prime; _module_preset=\u00a0\u00bbdefault\u00a0\u00bb global_colors_info=\u00a0\u00bb{}\u00a0\u00bb][et_pb_column type=\u00a0\u00bb4_4&Prime; _builder_version=\u00a0\u00bb4.27.4&Prime; _module_preset=\u00a0\u00bbdefault\u00a0\u00bb global_colors_info=\u00a0\u00bb{}\u00a0\u00bb][et_pb_text _builder_version=\u00a0\u00bb4.27.4&Prime; _module_preset=\u00a0\u00bbdefault\u00a0\u00bb global_colors_info=\u00a0\u00bb{}\u00a0\u00bb][\/et_pb_text][\/et_pb_column][\/et_pb_row][et_pb_row column_structure=\u00a0\u00bb1_2,1_2&Prime; _builder_version=\u00a0\u00bb4.27.4&Prime; _module_preset=\u00a0\u00bbdefault\u00a0\u00bb global_colors_info=\u00a0\u00bb{}\u00a0\u00bb][et_pb_column type=\u00a0\u00bb1_2&Prime; _builder_version=\u00a0\u00bb4.27.4&Prime; _module_preset=\u00a0\u00bbdefault\u00a0\u00bb global_colors_info=\u00a0\u00bb{}\u00a0\u00bb][et_pb_image src=\u00a0\u00bbhttps:\/\/www.paulinejurquet.fr\/wp-content\/uploads\/Ligne-deau-V-2.jpg\u00a0\u00bb title_text=\u00a0\u00bbLigne d&rsquo;eau V (2)\u00a0\u00bb _builder_version=\u00a0\u00bb4.27.4&Prime; _module_preset=\u00a0\u00bbdefault\u00a0\u00bb width=\u00a0\u00bb83%\u00a0\u00bb global_colors_info=\u00a0\u00bb{}\u00a0\u00bb][\/et_pb_image][\/et_pb_column][et_pb_column type=\u00a0\u00bb1_2&Prime; _builder_version=\u00a0\u00bb4.27.4&Prime; _module_preset=\u00a0\u00bbdefault\u00a0\u00bb global_colors_info=\u00a0\u00bb{}\u00a0\u00bb][et_pb_image src=\u00a0\u00bbhttps:\/\/www.paulinejurquet.fr\/wp-content\/uploads\/LIGNE-DEAU-I-Bicephale-2021.jpg\u00a0\u00bb title_text=\u00a0\u00bbLIGNE D&rsquo;EAU I ( Bicephale 2021)\u00a0\u00bb _builder_version=\u00a0\u00bb4.27.4&Prime; _module_preset=\u00a0\u00bbdefault\u00a0\u00bb width=\u00a0\u00bb90%\u00a0\u00bb global_colors_info=\u00a0\u00bb{}\u00a0\u00bb][\/et_pb_image][\/et_pb_column][\/et_pb_row][et_pb_row _builder_version=\u00a0\u00bb4.27.4&Prime; _module_preset=\u00a0\u00bbdefault\u00a0\u00bb global_colors_info=\u00a0\u00bb{}\u00a0\u00bb][et_pb_column type=\u00a0\u00bb4_4&Prime; _builder_version=\u00a0\u00bb4.27.4&Prime; _module_preset=\u00a0\u00bbdefault\u00a0\u00bb global_colors_info=\u00a0\u00bb{}\u00a0\u00bb][et_pb_text _builder_version=\u00a0\u00bb4.27.4&Prime; _module_preset=\u00a0\u00bbdefault\u00a0\u00bb global_colors_info=\u00a0\u00bb{}\u00a0\u00bb][\/et_pb_text][\/et_pb_column][\/et_pb_row][et_pb_row _builder_version=\u00a0\u00bb4.27.4&Prime; _module_preset=\u00a0\u00bbdefault\u00a0\u00bb global_colors_info=\u00a0\u00bb{}\u00a0\u00bb][et_pb_column type=\u00a0\u00bb4_4&Prime; _builder_version=\u00a0\u00bb4.27.4&Prime; _module_preset=\u00a0\u00bbdefault\u00a0\u00bb global_colors_info=\u00a0\u00bb{}\u00a0\u00bb][et_pb_image src=\u00a0\u00bbhttps:\/\/www.paulinejurquet.fr\/wp-content\/uploads\/ligne-deau-V-expo-2023-1.jpg\u00a0\u00bb title_text=\u00a0\u00bbligne d&rsquo;eau V &#8211; expo 2023 (1)\u00a0\u00bb align=\u00a0\u00bbcenter\u00a0\u00bb align_tablet=\u00a0\u00bbcenter\u00a0\u00bb align_phone=\u00a0\u00bbcenter\u00a0\u00bb align_last_edited=\u00a0\u00bbon|phone\u00a0\u00bb _builder_version=\u00a0\u00bb4.27.4&Prime; _module_preset=\u00a0\u00bbdefault\u00a0\u00bb module_alignment=\u00a0\u00bbcenter\u00a0\u00bb max_height=\u00a0\u00bb384px\u00a0\u00bb global_colors_info=\u00a0\u00bb{}\u00a0\u00bb][\/et_pb_image][\/et_pb_column][\/et_pb_row][et_pb_row _builder_version=\u00a0\u00bb4.27.4&Prime; _module_preset=\u00a0\u00bbdefault\u00a0\u00bb global_colors_info=\u00a0\u00bb{}\u00a0\u00bb][et_pb_column type=\u00a0\u00bb4_4&Prime; _builder_version=\u00a0\u00bb4.27.4&Prime; _module_preset=\u00a0\u00bbdefault\u00a0\u00bb global_colors_info=\u00a0\u00bb{}\u00a0\u00bb][et_pb_text _builder_version=\u00a0\u00bb4.27.4&Prime; _module_preset=\u00a0\u00bbdefault\u00a0\u00bb global_colors_info=\u00a0\u00bb{}\u00a0\u00bb]<\/p>\n<p style=\"text-align: center;\">Diff\u00e9rentes vues de la Biennale Bic\u00e9phale 2023 &#8211; Lignes d&rsquo;eau &#8211; C\u00e9ramiques \u00e9maill\u00e9es &#8211; Pr\u00e9sentation sur tapis &#8211;<\/p>\n<p>[\/et_pb_text][\/et_pb_column][\/et_pb_row][\/et_pb_section]<\/p>\n","protected":false},"excerpt":{"rendered":"<p>Les lignes d&rsquo;eau Les Lignes d&rsquo;eau sont une s\u00e9rie d&rsquo;\u0153uvres aux formes \u00e9pur\u00e9es. Chaque pi\u00e8ce a subi une coupe al\u00e9atoire en son milieu qui la divise en deux parties asym\u00e9triques. Par la suite, chacune d&rsquo;elle est reconstitu\u00e9e en laissant apparaitre l&rsquo;intervalle provoqu\u00e9 par la coupe subie. Les Lignes d&rsquo;eau sont donc ces intervalles mod\u00e9lisant une [&hellip;]<\/p>\n","protected":false},"author":1,"featured_media":0,"parent":0,"menu_order":0,"comment_status":"closed","ping_status":"closed","template":"","meta":{"_seopress_robots_primary_cat":"","_seopress_titles_title":"","_seopress_titles_desc":"","_seopress_robots_index":"","_et_pb_use_builder":"on","_et_pb_old_content":"","_et_gb_content_width":"","footnotes":""},"class_list":["post-658","page","type-page","status-publish","hentry"],"_links":{"self":[{"href":"https:\/\/www.paulinejurquet.fr\/index.php\/wp-json\/wp\/v2\/pages\/658","targetHints":{"allow":["GET"]}}],"collection":[{"href":"https:\/\/www.paulinejurquet.fr\/index.php\/wp-json\/wp\/v2\/pages"}],"about":[{"href":"https:\/\/www.paulinejurquet.fr\/index.php\/wp-json\/wp\/v2\/types\/page"}],"author":[{"embeddable":true,"href":"https:\/\/www.paulinejurquet.fr\/index.php\/wp-json\/wp\/v2\/users\/1"}],"replies":[{"embeddable":true,"href":"https:\/\/www.paulinejurquet.fr\/index.php\/wp-json\/wp\/v2\/comments?post=658"}],"version-history":[{"count":21,"href":"https:\/\/www.paulinejurquet.fr\/index.php\/wp-json\/wp\/v2\/pages\/658\/revisions"}],"predecessor-version":[{"id":814,"href":"https:\/\/www.paulinejurquet.fr\/index.php\/wp-json\/wp\/v2\/pages\/658\/revisions\/814"}],"wp:attachment":[{"href":"https:\/\/www.paulinejurquet.fr\/index.php\/wp-json\/wp\/v2\/media?parent=658"}],"curies":[{"name":"wp","href":"https:\/\/api.w.org\/{rel}","templated":true}]}}