{"id":116,"date":"2022-12-21T10:23:12","date_gmt":"2022-12-21T09:23:12","guid":{"rendered":"https:\/\/www.paulinejurquet.fr\/?page_id=116"},"modified":"2025-09-10T22:09:17","modified_gmt":"2025-09-10T20:09:17","slug":"empreintes","status":"publish","type":"page","link":"https:\/\/www.paulinejurquet.fr\/index.php\/empreintes\/","title":{"rendered":"Empreintes"},"content":{"rendered":"<p>[et_pb_section fb_built=\u00a0\u00bb1&Prime; _builder_version=\u00a0\u00bb4.19.4&Prime; _module_preset=\u00a0\u00bbdefault\u00a0\u00bb custom_padding=\u00a0\u00bb40px|||||\u00a0\u00bb global_colors_info=\u00a0\u00bb{}\u00a0\u00bb][et_pb_row column_structure=\u00a0\u00bb1_2,1_2&Prime; _builder_version=\u00a0\u00bb4.19.4&Prime; _module_preset=\u00a0\u00bbdefault\u00a0\u00bb custom_padding=\u00a0\u00bb0px||||false|false\u00a0\u00bb global_colors_info=\u00a0\u00bb{}\u00a0\u00bb][et_pb_column type=\u00a0\u00bb1_2&Prime; _builder_version=\u00a0\u00bb4.19.4&Prime; _module_preset=\u00a0\u00bbdefault\u00a0\u00bb global_colors_info=\u00a0\u00bb{}\u00a0\u00bb][et_pb_text _builder_version=\u00a0\u00bb4.27.4&Prime; _module_preset=\u00a0\u00bbdefault\u00a0\u00bb custom_padding=\u00a0\u00bb||0px|||\u00a0\u00bb global_colors_info=\u00a0\u00bb{}\u00a0\u00bb]<\/p>\n<h2 style=\"text-align: center;\"><span style=\"color: #773e57;\"><\/span><\/h2>\n<h2 style=\"text-align: center;\"><span style=\"color: #773e57;\">Empreintes<\/span><\/h2>\n<p>[\/et_pb_text][et_pb_text _builder_version=\u00a0\u00bb4.27.4&Prime; _module_preset=\u00a0\u00bbdefault\u00a0\u00bb global_colors_info=\u00a0\u00bb{}\u00a0\u00bb]<\/p>\n<p style=\"text-align: justify;\"><strong><span style=\"font-family: inherit; color: #7c7c7c;\"><span style=\"font-size: medium;\"><\/span><\/span><\/strong><\/p>\n<p style=\"text-align: justify;\">Les <em>Empreintes<\/em> correspondent \u00e0 un ensemble de pi\u00e8ces dont la premi\u00e8re s\u00e9rie \u00e0 \u00e9t\u00e9 pr\u00e9sent\u00e9e en 2018 au centre culturel Andr\u00e9 Malraux lors d&rsquo;une exposition intitul\u00e9e <em>Empreinte de l&rsquo;\u00e2me<\/em>. Elles sont l&rsquo;expression des multiples traces rattach\u00e9es \u00e0 notre v\u00e9cu. Le propos repose en partie sur le dessin de l&#8217;empreinte digitale, \u00e0 savoir les plis que nous retrouvons \u00e0 la surface de la peau de nos doigts et qui forment des volutes ou des tourbillons sp\u00e9cifiques \u00e0 la surface de chacun d&rsquo;entre eux. Dans se travail, ces plis sont mat\u00e9rialis\u00e9s la plupart du temps avec de la porcelaine ou du gr\u00e8s porcelainique.<\/p>\n<p style=\"text-align: justify;\">\n<p>[\/et_pb_text][et_pb_image src=\u00a0\u00bbhttps:\/\/www.paulinejurquet.fr\/wp-content\/uploads\/deroule-dos.jpg\u00a0\u00bb alt=\u00a0\u00bbporcelaine-c\u00e9ramique-sculpture-art-exposition\u00a0\u00bb title_text=\u00a0\u00bbD\u00e9roule d&rsquo;os\u00a0\u00bb align=\u00a0\u00bbcenter\u00a0\u00bb _builder_version=\u00a0\u00bb4.19.4&Prime; _module_preset=\u00a0\u00bbdefault\u00a0\u00bb global_colors_info=\u00a0\u00bb{}\u00a0\u00bb][\/et_pb_image][et_pb_text _builder_version=\u00a0\u00bb4.19.4&Prime; _module_preset=\u00a0\u00bbdefault\u00a0\u00bb text_orientation=\u00a0\u00bbcenter\u00a0\u00bb global_colors_info=\u00a0\u00bb{}\u00a0\u00bb]<\/p>\n<p><strong>D\u00e9roul\u00e9 d&rsquo;os<\/strong> &#8211; 12x11x13 cm &#8211; Gr\u00e8s porcelainique, porcelaine, \u00e9mail &#8211; 2022<\/p>\n<p>[\/et_pb_text][\/et_pb_column][et_pb_column type=\u00a0\u00bb1_2&Prime; _builder_version=\u00a0\u00bb4.19.4&Prime; _module_preset=\u00a0\u00bbdefault\u00a0\u00bb global_colors_info=\u00a0\u00bb{}\u00a0\u00bb][et_pb_image src=\u00a0\u00bbhttps:\/\/www.paulinejurquet.fr\/wp-content\/uploads\/Lempreinte-de-lame-Serie-Empreintes-.jpg\u00a0\u00bb title_text=\u00a0\u00bbL&#8217;empreinte de l&rsquo;\u00e2me &#8211; S\u00e9rie Empreintes &#8211;\u00a0\u00bb _builder_version=\u00a0\u00bb4.27.4&Prime; _module_preset=\u00a0\u00bbdefault\u00a0\u00bb global_colors_info=\u00a0\u00bb{}\u00a0\u00bb][\/et_pb_image][et_pb_text _builder_version=\u00a0\u00bb4.27.4&Prime; _module_preset=\u00a0\u00bbdefault\u00a0\u00bb global_colors_info=\u00a0\u00bb{}\u00a0\u00bb]<\/p>\n<p style=\"text-align: center;\">L&#8217;empreinte de l&rsquo;\u00e2me &#8211; C\u00e9ramique \u00e9maill\u00e9e &#8211; 2018 &#8211;\u00a0<\/p>\n<p>[\/et_pb_text][\/et_pb_column][\/et_pb_row][et_pb_row _builder_version=\u00a0\u00bb4.27.4&Prime; _module_preset=\u00a0\u00bbdefault\u00a0\u00bb global_colors_info=\u00a0\u00bb{}\u00a0\u00bb][et_pb_column type=\u00a0\u00bb4_4&Prime; _builder_version=\u00a0\u00bb4.27.4&Prime; _module_preset=\u00a0\u00bbdefault\u00a0\u00bb global_colors_info=\u00a0\u00bb{}\u00a0\u00bb][et_pb_text _builder_version=\u00a0\u00bb4.27.4&Prime; _module_preset=\u00a0\u00bbdefault\u00a0\u00bb global_colors_info=\u00a0\u00bb{}\u00a0\u00bb][\/et_pb_text][\/et_pb_column][\/et_pb_row][et_pb_row column_structure=\u00a0\u00bb1_3,2_3&Prime; _builder_version=\u00a0\u00bb4.19.4&Prime; _module_preset=\u00a0\u00bbdefault\u00a0\u00bb global_colors_info=\u00a0\u00bb{}\u00a0\u00bb][et_pb_column type=\u00a0\u00bb1_3&Prime; _builder_version=\u00a0\u00bb4.19.4&Prime; _module_preset=\u00a0\u00bbdefault\u00a0\u00bb global_colors_info=\u00a0\u00bb{}\u00a0\u00bb][\/et_pb_column][et_pb_column type=\u00a0\u00bb2_3&Prime; _builder_version=\u00a0\u00bb4.19.4&Prime; _module_preset=\u00a0\u00bbdefault\u00a0\u00bb global_colors_info=\u00a0\u00bb{}\u00a0\u00bb][et_pb_image src=\u00a0\u00bbhttps:\/\/www.paulinejurquet.fr\/wp-content\/uploads\/le-lien-celeste.jpg\u00a0\u00bb alt=\u00a0\u00bbporcelaine-c\u00e9ramique-sculpture-gr\u00e8s-porcelainique\u00a0\u00bb title_text=\u00a0\u00bble lien c\u00e9leste\u00a0\u00bb _builder_version=\u00a0\u00bb4.27.4&Prime; _module_preset=\u00a0\u00bbdefault\u00a0\u00bb global_colors_info=\u00a0\u00bb{}\u00a0\u00bb][\/et_pb_image][et_pb_text _builder_version=\u00a0\u00bb4.27.4&Prime; _module_preset=\u00a0\u00bbdefault\u00a0\u00bb global_colors_info=\u00a0\u00bb{}\u00a0\u00bb]<\/p>\n<p style=\"text-align: center;\"><strong>Le lien c\u00e9leste<\/strong> &#8211; 15x17x3 cm &#8211; Gr\u00e8s noir, porcelaine, oxydes, dorure, \u00e9mail &#8211; 2022<\/p>\n<p>[\/et_pb_text][\/et_pb_column][\/et_pb_row][et_pb_row _builder_version=\u00a0\u00bb4.19.4&Prime; _module_preset=\u00a0\u00bbdefault\u00a0\u00bb global_colors_info=\u00a0\u00bb{}\u00a0\u00bb][et_pb_column type=\u00a0\u00bb4_4&Prime; _builder_version=\u00a0\u00bb4.19.4&Prime; _module_preset=\u00a0\u00bbdefault\u00a0\u00bb global_colors_info=\u00a0\u00bb{}\u00a0\u00bb][et_pb_image src=\u00a0\u00bbhttps:\/\/www.paulinejurquet.fr\/wp-content\/uploads\/celle-qui-mange-celle-qui-devore-.jpg\u00a0\u00bb alt=\u00a0\u00bbGr\u00e8s-porcelaine-sculpture-c\u00e9ramique-art\u00a0\u00bb title_text=\u00a0\u00bbCelle qui mange celle qui-devore-\u00a0\u00bb align=\u00a0\u00bbcenter\u00a0\u00bb _builder_version=\u00a0\u00bb4.19.4&Prime; _module_preset=\u00a0\u00bbdefault\u00a0\u00bb custom_margin=\u00a0\u00bb40px||||false|false\u00a0\u00bb custom_margin_tablet=\u00a0\u00bb40px||||false|false\u00a0\u00bb custom_margin_phone=\u00a0\u00bb0px||||false|false\u00a0\u00bb custom_margin_last_edited=\u00a0\u00bbon|phone\u00a0\u00bb global_colors_info=\u00a0\u00bb{}\u00a0\u00bb][\/et_pb_image][et_pb_text _builder_version=\u00a0\u00bb4.19.4&Prime; _module_preset=\u00a0\u00bbdefault\u00a0\u00bb text_orientation=\u00a0\u00bbcenter\u00a0\u00bb global_colors_info=\u00a0\u00bb{}\u00a0\u00bb]<\/p>\n<p><strong>Celle qui mange, celle qui d\u00e9vore<\/strong> &#8211; 13x17x5 cm &#8211; Gr\u00e8s noir, porcelaine, \u00e9mail &#8211; 2022<\/p>\n<p>[\/et_pb_text][\/et_pb_column][\/et_pb_row][et_pb_row _builder_version=\u00a0\u00bb4.19.4&Prime; _module_preset=\u00a0\u00bbdefault\u00a0\u00bb global_colors_info=\u00a0\u00bb{}\u00a0\u00bb][et_pb_column type=\u00a0\u00bb4_4&Prime; _builder_version=\u00a0\u00bb4.27.4&Prime; _module_preset=\u00a0\u00bbdefault\u00a0\u00bb global_colors_info=\u00a0\u00bb{}\u00a0\u00bb][et_pb_image src=\u00a0\u00bbhttps:\/\/www.paulinejurquet.fr\/wp-content\/uploads\/Image-daccueil-1.jpg\u00a0\u00bb alt=\u00a0\u00bbimage-accueil-c\u00e9ramique-trentels-porcelaine\u00a0\u00bb title_text=\u00a0\u00bbImage d&rsquo;accueil 1&Prime; align=\u00a0\u00bbcenter\u00a0\u00bb _builder_version=\u00a0\u00bb4.27.4&Prime; _module_preset=\u00a0\u00bbdefault\u00a0\u00bb custom_margin=\u00a0\u00bb40px||||false|false\u00a0\u00bb global_colors_info=\u00a0\u00bb{}\u00a0\u00bb][\/et_pb_image][et_pb_image _builder_version=\u00a0\u00bb4.27.4&Prime; _module_preset=\u00a0\u00bbdefault\u00a0\u00bb global_colors_info=\u00a0\u00bb{}\u00a0\u00bb][\/et_pb_image][et_pb_text _builder_version=\u00a0\u00bb4.27.4&Prime; _module_preset=\u00a0\u00bbdefault\u00a0\u00bb text_orientation=\u00a0\u00bbcenter\u00a0\u00bb global_colors_info=\u00a0\u00bb{}\u00a0\u00bb]<\/p>\n<p><strong>D\u00e9roul\u00e9 d&rsquo;os &#8211; Les mots doux<\/strong>\u00a0 &#8211; C\u00e9ramiques \u00e9maill\u00e9es &#8211; 2022<\/p>\n<p>[\/et_pb_text][et_pb_text _builder_version=\u00a0\u00bb4.27.4&Prime; _module_preset=\u00a0\u00bbdefault\u00a0\u00bb custom_padding=\u00a0\u00bb0px||6px||false|false\u00a0\u00bb global_colors_info=\u00a0\u00bb{}\u00a0\u00bb][\/et_pb_text][\/et_pb_column][\/et_pb_row][\/et_pb_section]<\/p>\n","protected":false},"excerpt":{"rendered":"<p>Empreintes Les Empreintes correspondent \u00e0 un ensemble de pi\u00e8ces dont la premi\u00e8re s\u00e9rie \u00e0 \u00e9t\u00e9 pr\u00e9sent\u00e9e en 2018 au centre culturel Andr\u00e9 Malraux lors d&rsquo;une exposition intitul\u00e9e Empreinte de l&rsquo;\u00e2me. Elles sont l&rsquo;expression des multiples traces rattach\u00e9es \u00e0 notre v\u00e9cu. Le propos repose en partie sur le dessin de l&#8217;empreinte digitale, \u00e0 savoir les plis [&hellip;]<\/p>\n","protected":false},"author":1,"featured_media":0,"parent":0,"menu_order":0,"comment_status":"closed","ping_status":"closed","template":"","meta":{"_seopress_robots_primary_cat":"","_seopress_titles_title":"","_seopress_titles_desc":"","_seopress_robots_index":"","_et_pb_use_builder":"on","_et_pb_old_content":"<!-- wp:divi\/placeholder \/-->","_et_gb_content_width":"","footnotes":""},"class_list":["post-116","page","type-page","status-publish","hentry"],"_links":{"self":[{"href":"https:\/\/www.paulinejurquet.fr\/index.php\/wp-json\/wp\/v2\/pages\/116","targetHints":{"allow":["GET"]}}],"collection":[{"href":"https:\/\/www.paulinejurquet.fr\/index.php\/wp-json\/wp\/v2\/pages"}],"about":[{"href":"https:\/\/www.paulinejurquet.fr\/index.php\/wp-json\/wp\/v2\/types\/page"}],"author":[{"embeddable":true,"href":"https:\/\/www.paulinejurquet.fr\/index.php\/wp-json\/wp\/v2\/users\/1"}],"replies":[{"embeddable":true,"href":"https:\/\/www.paulinejurquet.fr\/index.php\/wp-json\/wp\/v2\/comments?post=116"}],"version-history":[{"count":13,"href":"https:\/\/www.paulinejurquet.fr\/index.php\/wp-json\/wp\/v2\/pages\/116\/revisions"}],"predecessor-version":[{"id":818,"href":"https:\/\/www.paulinejurquet.fr\/index.php\/wp-json\/wp\/v2\/pages\/116\/revisions\/818"}],"wp:attachment":[{"href":"https:\/\/www.paulinejurquet.fr\/index.php\/wp-json\/wp\/v2\/media?parent=116"}],"curies":[{"name":"wp","href":"https:\/\/api.w.org\/{rel}","templated":true}]}}